{"id":47669,"date":"2021-05-28T14:41:25","date_gmt":"2021-05-28T12:41:25","guid":{"rendered":"https:\/\/riveiro.ch.ddev.site\/produit\/uncategorized\/47669\/"},"modified":"2023-06-06T14:41:55","modified_gmt":"2023-06-06T12:41:55","slug":"quaruba-l","status":"publish","type":"product","link":"https:\/\/www.riveiro.ch\/de\/produkt\/rb73\/quaruba-l\/","title":{"rendered":"Quaruba L"},"content":{"rendered":"<div id=\"c2325\" class=\"main-content-1400 wtrk-textbox\">\n<p>Mit\u00a0unseren \u00d6fen ist dies auf sichere Weise m\u00f6glich, alle Modelle\u00a0haben einen langen Kamin f\u00fcr eine sichere und vor allem rauchfreie Funktionsweise. Alle \u00d6fen sind aus 3mm Cor-Ten-Stahl gefertigt und k\u00f6nnen daher problemlos das ganze Jahr draussen im Freien stehen. Da sie auf allen Seiten geschlossen sind, wird auch ein Funkenflug ausgeschlossen. Viele unserer Modelle k\u00f6nnen wir auf Rollen liefern, dadurch sind Sie bei der Standortwahl v\u00f6llig ungebunden. Geniessen Sie Ihren Terrassenofen am Tisch, an der Lounge oder einfach im Kreis bei einem gem\u00fctlichen Zusammensein.\u00a0 Geniessen Sie die angenehme Strahlungsw\u00e4rme unserer Terrassen\u00f6fen und dies selbst im Winter, ganz nach dem Motto der Einwohner Skandinaviens:&#8220; no terrace without a fireplace&#8220;!<\/p>\n<p>Alle unsere Terrassenfeuer werden komplett montiert geliefert und sind direkt einsatzbereit.<\/p>\n<\/div>\n<p><span lang=\"EN\">Der Quaruba ist in 3 verschiedenen Modellen erh\u00e4ltlich<\/span>\u00a0Large, XL und XXL.<\/p>\n<p>Es sind sehr solide Gartenkamine mit einem industriellen Aussehen. Die Kubusf\u00f6rmigen Kamine haben einen einzigartigen modularen Aufbau und k\u00f6nnen daher beliebig mit 1 (T\u00fcr) bis 4 Glasscheiben ausgef\u00fchrt werden.\u00a0Der T\u00fcrverschluss ist zwischen der T\u00fcrverkleidung und dem rechten Bein verborgen. Die Version mit 4-Rad-Plattform ist leicht zu bewegen. Das Plateau kann auch als Lager f\u00fcr den ersten Brennholzbestand genutzt werden.<\/p>\n","protected":false},"excerpt":{"rendered":"<p>TTC<\/p>\n<div id=\"c3342\" class=\"main-content-1400 wtrk-header\">\n<p>Terrassen\u00f6fen von rb73 f\u00fcr Garten, Terrasse oder Balkon<\/p>\n<\/div>\n<div class=\"line \">\n<div class=\"main-content-1400 wtrk-separator\"><\/div>\n<\/div>\n<div id=\"c2325\" class=\"main-content-1400 wtrk-textbox\">\n<p>Die Erfolgsgeschichte von rb73 basiert auf der Leidenschaft f\u00fcr Feuer mit\u00a0sch\u00f6nen und zeitlosen Produkten. Handgemacht von Profis mit viel Liebe zum Detail.<\/p>\n<p>Wer liebt nicht dieses Gef\u00fchl, draussen ein sch\u00f6nes, w\u00e4rmendes Holzfeuer zu machen, die Flammen zu betrachten und sich zu entspannen.<\/p>\n<\/div>\n","protected":false},"featured_media":55832,"template":"","meta":{"site-sidebar-layout":"default","site-content-layout":"default","ast-site-content-layout":"default","site-content-style":"default","site-sidebar-style":"default","ast-global-header-display":"","ast-banner-title-visibility":"","ast-main-header-display":"","ast-hfb-above-header-display":"","ast-hfb-below-header-display":"","ast-hfb-mobile-header-display":"","site-post-title":"","ast-breadcrumbs-content":"","ast-featured-img":"","footer-sml-layout":"","theme-transparent-header-meta":"default","adv-header-id-meta":"","stick-header-meta":"","header-above-stick-meta":"","header-main-stick-meta":"","header-below-stick-meta":"","astra-migrate-meta-layouts":"default","ast-page-background-enabled":"default","ast-page-background-meta":{"desktop":{"background-color":"","background-image":"","background-repeat":"repeat","background-position":"center center","background-size":"auto","background-attachment":"scroll","background-type":"","background-media":"","overlay-type":"","overlay-color":"","overlay-opacity":"","overlay-gradient":""},"tablet":{"background-color":"","background-image":"","background-repeat":"repeat","background-position":"center center","background-size":"auto","background-attachment":"scroll","background-type":"","background-media":"","overlay-type":"","overlay-color":"","overlay-opacity":"","overlay-gradient":""},"mobile":{"background-color":"","background-image":"","background-repeat":"repeat","background-position":"center center","background-size":"auto","background-attachment":"scroll","background-type":"","background-media":"","overlay-type":"","overlay-color":"","overlay-opacity":"","overlay-gradient":""}},"ast-content-background-meta":{"desktop":{"background-color":"var(--ast-global-color-5)","background-image":"","background-repeat":"repeat","background-position":"center center","background-size":"auto","background-attachment":"scroll","background-type":"","background-media":"","overlay-type":"","overlay-color":"","overlay-opacity":"","overlay-gradient":""},"tablet":{"background-color":"var(--ast-global-color-5)","background-image":"","background-repeat":"repeat","background-position":"center center","background-size":"auto","background-attachment":"scroll","background-type":"","background-media":"","overlay-type":"","overlay-color":"","overlay-opacity":"","overlay-gradient":""},"mobile":{"background-color":"var(--ast-global-color-5)","background-image":"","background-repeat":"repeat","background-position":"center center","background-size":"auto","background-attachment":"scroll","background-type":"","background-media":"","overlay-type":"","overlay-color":"","overlay-opacity":"","overlay-gradient":""}}},"product_brand":[5177],"product_cat":[5048,7241],"product_tag":[],"class_list":{"0":"post-47669","1":"product","2":"type-product","3":"status-publish","4":"has-post-thumbnail","6":"product_brand-rb73","7":"product_cat-aussenbereich","8":"product_cat-terrassenofen","9":"desktop-align-left","10":"tablet-align-left","11":"mobile-align-left","13":"first","14":"instock","15":"purchasable","16":"product-type-simple"},"yoast_head":"<!-- This site is optimized with the Yoast SEO plugin v26.4 - https:\/\/yoast.com\/wordpress\/plugins\/seo\/ -->\n<title>Quaruba L - Riveiro<\/title>\n<meta name=\"robots\" content=\"index, follow, max-snippet:-1, max-image-preview:large, max-video-preview:-1\" \/>\n<link rel=\"canonical\" href=\"https:\/\/www.riveiro.ch\/de\/produkt\/rb73\/quaruba-l\/\" \/>\n<meta property=\"og:locale\" content=\"de_DE\" \/>\n<meta property=\"og:type\" content=\"article\" \/>\n<meta property=\"og:title\" content=\"Quaruba L - Riveiro\" \/>\n<meta property=\"og:description\" content=\"TTC   Terrassen\u00f6fen von rb73 f\u00fcr Garten, Terrasse oder Balkon        Die Erfolgsgeschichte von rb73 basiert auf der Leidenschaft f\u00fcr Feuer mit\u00a0sch\u00f6nen und zeitlosen Produkten. Handgemacht von Profis mit viel Liebe zum Detail.  Wer liebt nicht dieses Gef\u00fchl, draussen ein sch\u00f6nes, w\u00e4rmendes Holzfeuer zu machen, die Flammen zu betrachten und sich zu entspannen.\" \/>\n<meta property=\"og:url\" content=\"https:\/\/www.riveiro.ch\/de\/produkt\/rb73\/quaruba-l\/\" \/>\n<meta property=\"og:site_name\" content=\"Riveiro\" \/>\n<meta property=\"article:publisher\" content=\"https:\/\/www.facebook.com\/riveiroavenches\" \/>\n<meta property=\"article:modified_time\" content=\"2023-06-06T12:41:55+00:00\" \/>\n<meta property=\"og:image\" content=\"https:\/\/www.riveiro.ch\/wp-content\/uploads\/2023\/06\/quaruba-l-ambiance.jpg\" \/>\n\t<meta property=\"og:image:width\" content=\"800\" \/>\n\t<meta property=\"og:image:height\" content=\"1200\" \/>\n\t<meta property=\"og:image:type\" content=\"image\/jpeg\" \/>\n<meta name=\"twitter:card\" content=\"summary_large_image\" \/>\n<meta name=\"twitter:label1\" content=\"Gesch\u00e4tzte Lesezeit\" \/>\n\t<meta name=\"twitter:data1\" content=\"1\u00a0Minute\" \/>\n<script type=\"application\/ld+json\" class=\"yoast-schema-graph\">{\"@context\":\"https:\/\/schema.org\",\"@graph\":[{\"@type\":\"WebPage\",\"@id\":\"https:\/\/www.riveiro.ch\/de\/produkt\/rb73\/quaruba-l\/\",\"url\":\"https:\/\/www.riveiro.ch\/de\/produkt\/rb73\/quaruba-l\/\",\"name\":\"Quaruba L - Riveiro\",\"isPartOf\":{\"@id\":\"https:\/\/www.riveiro.ch\/#website\"},\"primaryImageOfPage\":{\"@id\":\"https:\/\/www.riveiro.ch\/de\/produkt\/rb73\/quaruba-l\/#primaryimage\"},\"image\":{\"@id\":\"https:\/\/www.riveiro.ch\/de\/produkt\/rb73\/quaruba-l\/#primaryimage\"},\"thumbnailUrl\":\"https:\/\/www.riveiro.ch\/wp-content\/uploads\/2023\/06\/quaruba-l-ambiance.jpg\",\"datePublished\":\"2021-05-28T12:41:25+00:00\",\"dateModified\":\"2023-06-06T12:41:55+00:00\",\"breadcrumb\":{\"@id\":\"https:\/\/www.riveiro.ch\/de\/produkt\/rb73\/quaruba-l\/#breadcrumb\"},\"inLanguage\":\"de\",\"potentialAction\":[{\"@type\":\"ReadAction\",\"target\":[\"https:\/\/www.riveiro.ch\/de\/produkt\/rb73\/quaruba-l\/\"]}]},{\"@type\":\"ImageObject\",\"inLanguage\":\"de\",\"@id\":\"https:\/\/www.riveiro.ch\/de\/produkt\/rb73\/quaruba-l\/#primaryimage\",\"url\":\"https:\/\/www.riveiro.ch\/wp-content\/uploads\/2023\/06\/quaruba-l-ambiance.jpg\",\"contentUrl\":\"https:\/\/www.riveiro.ch\/wp-content\/uploads\/2023\/06\/quaruba-l-ambiance.jpg\",\"width\":800,\"height\":1200},{\"@type\":\"BreadcrumbList\",\"@id\":\"https:\/\/www.riveiro.ch\/de\/produkt\/rb73\/quaruba-l\/#breadcrumb\",\"itemListElement\":[{\"@type\":\"ListItem\",\"position\":1,\"name\":\"Home\",\"item\":\"https:\/\/www.riveiro.ch\/\"},{\"@type\":\"ListItem\",\"position\":2,\"name\":\"Shop\",\"item\":\"https:\/\/www.riveiro.ch\/de\/shop-2\/\"},{\"@type\":\"ListItem\",\"position\":3,\"name\":\"Quaruba L\"}]},{\"@type\":\"WebSite\",\"@id\":\"https:\/\/www.riveiro.ch\/#website\",\"url\":\"https:\/\/www.riveiro.ch\/\",\"name\":\"Riveiro\",\"description\":\"Riveiro SA - Po\u00eales et chemin\u00e9es de salon - Exposition permanente - Su :: Riveiro\",\"publisher\":{\"@id\":\"https:\/\/www.riveiro.ch\/#organization\"},\"potentialAction\":[{\"@type\":\"SearchAction\",\"target\":{\"@type\":\"EntryPoint\",\"urlTemplate\":\"https:\/\/www.riveiro.ch\/?s={search_term_string}\"},\"query-input\":{\"@type\":\"PropertyValueSpecification\",\"valueRequired\":true,\"valueName\":\"search_term_string\"}}],\"inLanguage\":\"de\"},{\"@type\":\"Organization\",\"@id\":\"https:\/\/www.riveiro.ch\/#organization\",\"name\":\"Riveiro\",\"url\":\"https:\/\/www.riveiro.ch\/\",\"logo\":{\"@type\":\"ImageObject\",\"inLanguage\":\"de\",\"@id\":\"https:\/\/www.riveiro.ch\/#\/schema\/logo\/image\/\",\"url\":\"https:\/\/www.riveiro.ch\/wp-content\/uploads\/2021\/05\/cropped-logo_riveiro_fr.png\",\"contentUrl\":\"https:\/\/www.riveiro.ch\/wp-content\/uploads\/2021\/05\/cropped-logo_riveiro_fr.png\",\"width\":349,\"height\":146,\"caption\":\"Riveiro\"},\"image\":{\"@id\":\"https:\/\/www.riveiro.ch\/#\/schema\/logo\/image\/\"},\"sameAs\":[\"https:\/\/www.facebook.com\/riveiroavenches\",\"https:\/\/www.instagram.com\/riveiro.cheminee\/\"]}]}<\/script>\n<!-- \/ Yoast SEO plugin. -->","yoast_head_json":{"title":"Quaruba L - Riveiro","robots":{"index":"index","follow":"follow","max-snippet":"max-snippet:-1","max-image-preview":"max-image-preview:large","max-video-preview":"max-video-preview:-1"},"canonical":"https:\/\/www.riveiro.ch\/de\/produkt\/rb73\/quaruba-l\/","og_locale":"de_DE","og_type":"article","og_title":"Quaruba L - Riveiro","og_description":"TTC   Terrassen\u00f6fen von rb73 f\u00fcr Garten, Terrasse oder Balkon        Die Erfolgsgeschichte von rb73 basiert auf der Leidenschaft f\u00fcr Feuer mit\u00a0sch\u00f6nen und zeitlosen Produkten. Handgemacht von Profis mit viel Liebe zum Detail.  Wer liebt nicht dieses Gef\u00fchl, draussen ein sch\u00f6nes, w\u00e4rmendes Holzfeuer zu machen, die Flammen zu betrachten und sich zu entspannen.","og_url":"https:\/\/www.riveiro.ch\/de\/produkt\/rb73\/quaruba-l\/","og_site_name":"Riveiro","article_publisher":"https:\/\/www.facebook.com\/riveiroavenches","article_modified_time":"2023-06-06T12:41:55+00:00","og_image":[{"width":800,"height":1200,"url":"https:\/\/www.riveiro.ch\/wp-content\/uploads\/2023\/06\/quaruba-l-ambiance.jpg","type":"image\/jpeg"}],"twitter_card":"summary_large_image","twitter_misc":{"Gesch\u00e4tzte Lesezeit":"1\u00a0Minute"},"schema":{"@context":"https:\/\/schema.org","@graph":[{"@type":"WebPage","@id":"https:\/\/www.riveiro.ch\/de\/produkt\/rb73\/quaruba-l\/","url":"https:\/\/www.riveiro.ch\/de\/produkt\/rb73\/quaruba-l\/","name":"Quaruba L - Riveiro","isPartOf":{"@id":"https:\/\/www.riveiro.ch\/#website"},"primaryImageOfPage":{"@id":"https:\/\/www.riveiro.ch\/de\/produkt\/rb73\/quaruba-l\/#primaryimage"},"image":{"@id":"https:\/\/www.riveiro.ch\/de\/produkt\/rb73\/quaruba-l\/#primaryimage"},"thumbnailUrl":"https:\/\/www.riveiro.ch\/wp-content\/uploads\/2023\/06\/quaruba-l-ambiance.jpg","datePublished":"2021-05-28T12:41:25+00:00","dateModified":"2023-06-06T12:41:55+00:00","breadcrumb":{"@id":"https:\/\/www.riveiro.ch\/de\/produkt\/rb73\/quaruba-l\/#breadcrumb"},"inLanguage":"de","potentialAction":[{"@type":"ReadAction","target":["https:\/\/www.riveiro.ch\/de\/produkt\/rb73\/quaruba-l\/"]}]},{"@type":"ImageObject","inLanguage":"de","@id":"https:\/\/www.riveiro.ch\/de\/produkt\/rb73\/quaruba-l\/#primaryimage","url":"https:\/\/www.riveiro.ch\/wp-content\/uploads\/2023\/06\/quaruba-l-ambiance.jpg","contentUrl":"https:\/\/www.riveiro.ch\/wp-content\/uploads\/2023\/06\/quaruba-l-ambiance.jpg","width":800,"height":1200},{"@type":"BreadcrumbList","@id":"https:\/\/www.riveiro.ch\/de\/produkt\/rb73\/quaruba-l\/#breadcrumb","itemListElement":[{"@type":"ListItem","position":1,"name":"Home","item":"https:\/\/www.riveiro.ch\/"},{"@type":"ListItem","position":2,"name":"Shop","item":"https:\/\/www.riveiro.ch\/de\/shop-2\/"},{"@type":"ListItem","position":3,"name":"Quaruba L"}]},{"@type":"WebSite","@id":"https:\/\/www.riveiro.ch\/#website","url":"https:\/\/www.riveiro.ch\/","name":"Riveiro","description":"Riveiro SA - Po\u00eales et chemin\u00e9es de salon - Exposition permanente - Su :: Riveiro","publisher":{"@id":"https:\/\/www.riveiro.ch\/#organization"},"potentialAction":[{"@type":"SearchAction","target":{"@type":"EntryPoint","urlTemplate":"https:\/\/www.riveiro.ch\/?s={search_term_string}"},"query-input":{"@type":"PropertyValueSpecification","valueRequired":true,"valueName":"search_term_string"}}],"inLanguage":"de"},{"@type":"Organization","@id":"https:\/\/www.riveiro.ch\/#organization","name":"Riveiro","url":"https:\/\/www.riveiro.ch\/","logo":{"@type":"ImageObject","inLanguage":"de","@id":"https:\/\/www.riveiro.ch\/#\/schema\/logo\/image\/","url":"https:\/\/www.riveiro.ch\/wp-content\/uploads\/2021\/05\/cropped-logo_riveiro_fr.png","contentUrl":"https:\/\/www.riveiro.ch\/wp-content\/uploads\/2021\/05\/cropped-logo_riveiro_fr.png","width":349,"height":146,"caption":"Riveiro"},"image":{"@id":"https:\/\/www.riveiro.ch\/#\/schema\/logo\/image\/"},"sameAs":["https:\/\/www.facebook.com\/riveiroavenches","https:\/\/www.instagram.com\/riveiro.cheminee\/"]}]}},"_links":{"self":[{"href":"https:\/\/www.riveiro.ch\/de\/wp-json\/wp\/v2\/product\/47669","targetHints":{"allow":["GET"]}}],"collection":[{"href":"https:\/\/www.riveiro.ch\/de\/wp-json\/wp\/v2\/product"}],"about":[{"href":"https:\/\/www.riveiro.ch\/de\/wp-json\/wp\/v2\/types\/product"}],"wp:featuredmedia":[{"embeddable":true,"href":"https:\/\/www.riveiro.ch\/de\/wp-json\/wp\/v2\/media\/55832"}],"wp:attachment":[{"href":"https:\/\/www.riveiro.ch\/de\/wp-json\/wp\/v2\/media?parent=47669"}],"wp:term":[{"taxonomy":"product_brand","embeddable":true,"href":"https:\/\/www.riveiro.ch\/de\/wp-json\/wp\/v2\/product_brand?post=47669"},{"taxonomy":"product_cat","embeddable":true,"href":"https:\/\/www.riveiro.ch\/de\/wp-json\/wp\/v2\/product_cat?post=47669"},{"taxonomy":"product_tag","embeddable":true,"href":"https:\/\/www.riveiro.ch\/de\/wp-json\/wp\/v2\/product_tag?post=47669"}],"curies":[{"name":"wp","href":"https:\/\/api.w.org\/{rel}","templated":true}]}}