{"id":47659,"date":"2021-05-28T14:58:57","date_gmt":"2021-05-28T12:58:57","guid":{"rendered":"https:\/\/riveiro.ch.ddev.site\/produit\/uncategorized\/47659\/"},"modified":"2023-06-06T10:41:28","modified_gmt":"2023-06-06T08:41:28","slug":"bijuga-mit-raedern","status":"publish","type":"product","link":"https:\/\/www.riveiro.ch\/de\/produkt\/rb73\/bijuga-mit-raedern\/","title":{"rendered":"Bijuga mit R\u00e4dern"},"content":{"rendered":"","protected":false},"excerpt":{"rendered":"<p>TTC<\/p>\n<p>Das Bijuga-Modell ist ein solider Corten-Stahl Gartenkamin. Das markante zeitlose Design verbindet enge Linien und Oberfl\u00e4chen mit industriellen Akzenten. Dadurch wird das Blattmaterial an den Verbindungsn\u00e4hten ausgeklappt und alle Schrauben und Muttern sind sichtbar. Die Hartholz-Merbau-Teile (Kn\u00f6pfe und Griff) bieten nicht nur sch\u00f6ne Details, sondern sind auch sehr praktisch f\u00fcr den Betrieb, weil sie nicht zu hei\u00df werden. Das Emblem auf der Haube ist ein Symbol f\u00fcr die Zusammenarbeit mit Atelier Ren\u00e9 Knip, der designer dieser Gartenkamin.<\/p>\n<p>Design Studio Rene Knip<br \/>\nDas Design stammt von Atelier Rene Knip. Rene hat einen unverwechselbaren Blick auf Kamine. Der Benutzer und die Funktion der Kamin sind zentral. Seine Entw\u00fcrfe zeichnen sich durch einen ausgepr\u00e4gten Charakter aus und zeichnen sich durch ausgewogene Proportionen in der Gr\u00f6\u00dfe, einen sch\u00f6nen Look und die Verwendung von hochwertigen Materialien und sch\u00f6nen Details aus.<\/p>\n","protected":false},"featured_media":55819,"template":"","meta":{"site-sidebar-layout":"default","site-content-layout":"default","ast-site-content-layout":"default","site-content-style":"default","site-sidebar-style":"default","ast-global-header-display":"","ast-banner-title-visibility":"","ast-main-header-display":"","ast-hfb-above-header-display":"","ast-hfb-below-header-display":"","ast-hfb-mobile-header-display":"","site-post-title":"","ast-breadcrumbs-content":"","ast-featured-img":"","footer-sml-layout":"","theme-transparent-header-meta":"default","adv-header-id-meta":"","stick-header-meta":"","header-above-stick-meta":"","header-main-stick-meta":"","header-below-stick-meta":"","astra-migrate-meta-layouts":"default","ast-page-background-enabled":"default","ast-page-background-meta":{"desktop":{"background-color":"","background-image":"","background-repeat":"repeat","background-position":"center center","background-size":"auto","background-attachment":"scroll","background-type":"","background-media":"","overlay-type":"","overlay-color":"","overlay-opacity":"","overlay-gradient":""},"tablet":{"background-color":"","background-image":"","background-repeat":"repeat","background-position":"center center","background-size":"auto","background-attachment":"scroll","background-type":"","background-media":"","overlay-type":"","overlay-color":"","overlay-opacity":"","overlay-gradient":""},"mobile":{"background-color":"","background-image":"","background-repeat":"repeat","background-position":"center center","background-size":"auto","background-attachment":"scroll","background-type":"","background-media":"","overlay-type":"","overlay-color":"","overlay-opacity":"","overlay-gradient":""}},"ast-content-background-meta":{"desktop":{"background-color":"var(--ast-global-color-5)","background-image":"","background-repeat":"repeat","background-position":"center center","background-size":"auto","background-attachment":"scroll","background-type":"","background-media":"","overlay-type":"","overlay-color":"","overlay-opacity":"","overlay-gradient":""},"tablet":{"background-color":"var(--ast-global-color-5)","background-image":"","background-repeat":"repeat","background-position":"center center","background-size":"auto","background-attachment":"scroll","background-type":"","background-media":"","overlay-type":"","overlay-color":"","overlay-opacity":"","overlay-gradient":""},"mobile":{"background-color":"var(--ast-global-color-5)","background-image":"","background-repeat":"repeat","background-position":"center center","background-size":"auto","background-attachment":"scroll","background-type":"","background-media":"","overlay-type":"","overlay-color":"","overlay-opacity":"","overlay-gradient":""}}},"product_brand":[5177],"product_cat":[5048,7241],"product_tag":[],"class_list":{"0":"post-47659","1":"product","2":"type-product","3":"status-publish","4":"has-post-thumbnail","6":"product_brand-rb73","7":"product_cat-aussenbereich","8":"product_cat-terrassenofen","9":"desktop-align-left","10":"tablet-align-left","11":"mobile-align-left","13":"first","14":"instock","15":"purchasable","16":"product-type-simple"},"yoast_head":"<!-- This site is optimized with the Yoast SEO plugin v26.4 - https:\/\/yoast.com\/wordpress\/plugins\/seo\/ -->\n<title>Bijuga mit R\u00e4dern - Riveiro<\/title>\n<meta name=\"robots\" content=\"index, follow, max-snippet:-1, max-image-preview:large, max-video-preview:-1\" \/>\n<link rel=\"canonical\" href=\"https:\/\/www.riveiro.ch\/de\/produkt\/rb73\/bijuga-mit-raedern\/\" \/>\n<meta property=\"og:locale\" content=\"de_DE\" \/>\n<meta property=\"og:type\" content=\"article\" \/>\n<meta property=\"og:title\" content=\"Bijuga mit R\u00e4dern - Riveiro\" \/>\n<meta property=\"og:description\" content=\"TTC  Das Bijuga-Modell ist ein solider Corten-Stahl Gartenkamin. Das markante zeitlose Design verbindet enge Linien und Oberfl\u00e4chen mit industriellen Akzenten. Dadurch wird das Blattmaterial an den Verbindungsn\u00e4hten ausgeklappt und alle Schrauben und Muttern sind sichtbar. Die Hartholz-Merbau-Teile (Kn\u00f6pfe und Griff) bieten nicht nur sch\u00f6ne Details, sondern sind auch sehr praktisch f\u00fcr den Betrieb, weil sie nicht zu hei\u00df werden. Das Emblem auf der Haube ist ein Symbol f\u00fcr die Zusammenarbeit mit Atelier Ren\u00e9 Knip, der designer dieser Gartenkamin.  Design Studio Rene Knip Das Design stammt von Atelier Rene Knip. Rene hat einen unverwechselbaren Blick auf Kamine. Der Benutzer und die Funktion der Kamin sind zentral. Seine Entw\u00fcrfe zeichnen sich durch einen ausgepr\u00e4gten Charakter aus und zeichnen sich durch ausgewogene Proportionen in der Gr\u00f6\u00dfe, einen sch\u00f6nen Look und die Verwendung von hochwertigen Materialien und sch\u00f6nen Details aus.\" \/>\n<meta property=\"og:url\" content=\"https:\/\/www.riveiro.ch\/de\/produkt\/rb73\/bijuga-mit-raedern\/\" \/>\n<meta property=\"og:site_name\" content=\"Riveiro\" \/>\n<meta property=\"article:publisher\" content=\"https:\/\/www.facebook.com\/riveiroavenches\" \/>\n<meta property=\"article:modified_time\" content=\"2023-06-06T08:41:28+00:00\" \/>\n<meta property=\"og:image\" content=\"https:\/\/www.riveiro.ch\/wp-content\/uploads\/2021\/05\/bijuga-ambiance.jpg\" \/>\n\t<meta property=\"og:image:width\" content=\"904\" \/>\n\t<meta property=\"og:image:height\" content=\"1356\" \/>\n\t<meta property=\"og:image:type\" content=\"image\/jpeg\" \/>\n<meta name=\"twitter:card\" content=\"summary_large_image\" \/>\n<script type=\"application\/ld+json\" class=\"yoast-schema-graph\">{\"@context\":\"https:\/\/schema.org\",\"@graph\":[{\"@type\":\"WebPage\",\"@id\":\"https:\/\/www.riveiro.ch\/de\/produkt\/rb73\/bijuga-mit-raedern\/\",\"url\":\"https:\/\/www.riveiro.ch\/de\/produkt\/rb73\/bijuga-mit-raedern\/\",\"name\":\"Bijuga mit R\u00e4dern - Riveiro\",\"isPartOf\":{\"@id\":\"https:\/\/www.riveiro.ch\/#website\"},\"primaryImageOfPage\":{\"@id\":\"https:\/\/www.riveiro.ch\/de\/produkt\/rb73\/bijuga-mit-raedern\/#primaryimage\"},\"image\":{\"@id\":\"https:\/\/www.riveiro.ch\/de\/produkt\/rb73\/bijuga-mit-raedern\/#primaryimage\"},\"thumbnailUrl\":\"https:\/\/www.riveiro.ch\/wp-content\/uploads\/2021\/05\/bijuga-ambiance.jpg\",\"datePublished\":\"2021-05-28T12:58:57+00:00\",\"dateModified\":\"2023-06-06T08:41:28+00:00\",\"breadcrumb\":{\"@id\":\"https:\/\/www.riveiro.ch\/de\/produkt\/rb73\/bijuga-mit-raedern\/#breadcrumb\"},\"inLanguage\":\"de\",\"potentialAction\":[{\"@type\":\"ReadAction\",\"target\":[\"https:\/\/www.riveiro.ch\/de\/produkt\/rb73\/bijuga-mit-raedern\/\"]}]},{\"@type\":\"ImageObject\",\"inLanguage\":\"de\",\"@id\":\"https:\/\/www.riveiro.ch\/de\/produkt\/rb73\/bijuga-mit-raedern\/#primaryimage\",\"url\":\"https:\/\/www.riveiro.ch\/wp-content\/uploads\/2021\/05\/bijuga-ambiance.jpg\",\"contentUrl\":\"https:\/\/www.riveiro.ch\/wp-content\/uploads\/2021\/05\/bijuga-ambiance.jpg\",\"width\":904,\"height\":1356},{\"@type\":\"BreadcrumbList\",\"@id\":\"https:\/\/www.riveiro.ch\/de\/produkt\/rb73\/bijuga-mit-raedern\/#breadcrumb\",\"itemListElement\":[{\"@type\":\"ListItem\",\"position\":1,\"name\":\"Home\",\"item\":\"https:\/\/www.riveiro.ch\/\"},{\"@type\":\"ListItem\",\"position\":2,\"name\":\"Shop\",\"item\":\"https:\/\/www.riveiro.ch\/de\/shop-2\/\"},{\"@type\":\"ListItem\",\"position\":3,\"name\":\"Bijuga mit R\u00e4dern\"}]},{\"@type\":\"WebSite\",\"@id\":\"https:\/\/www.riveiro.ch\/#website\",\"url\":\"https:\/\/www.riveiro.ch\/\",\"name\":\"Riveiro\",\"description\":\"Riveiro SA - Po\u00eales et chemin\u00e9es de salon - Exposition permanente - Su :: Riveiro\",\"publisher\":{\"@id\":\"https:\/\/www.riveiro.ch\/#organization\"},\"potentialAction\":[{\"@type\":\"SearchAction\",\"target\":{\"@type\":\"EntryPoint\",\"urlTemplate\":\"https:\/\/www.riveiro.ch\/?s={search_term_string}\"},\"query-input\":{\"@type\":\"PropertyValueSpecification\",\"valueRequired\":true,\"valueName\":\"search_term_string\"}}],\"inLanguage\":\"de\"},{\"@type\":\"Organization\",\"@id\":\"https:\/\/www.riveiro.ch\/#organization\",\"name\":\"Riveiro\",\"url\":\"https:\/\/www.riveiro.ch\/\",\"logo\":{\"@type\":\"ImageObject\",\"inLanguage\":\"de\",\"@id\":\"https:\/\/www.riveiro.ch\/#\/schema\/logo\/image\/\",\"url\":\"https:\/\/www.riveiro.ch\/wp-content\/uploads\/2021\/05\/cropped-logo_riveiro_fr.png\",\"contentUrl\":\"https:\/\/www.riveiro.ch\/wp-content\/uploads\/2021\/05\/cropped-logo_riveiro_fr.png\",\"width\":349,\"height\":146,\"caption\":\"Riveiro\"},\"image\":{\"@id\":\"https:\/\/www.riveiro.ch\/#\/schema\/logo\/image\/\"},\"sameAs\":[\"https:\/\/www.facebook.com\/riveiroavenches\",\"https:\/\/www.instagram.com\/riveiro.cheminee\/\"]}]}<\/script>\n<!-- \/ Yoast SEO plugin. -->","yoast_head_json":{"title":"Bijuga mit R\u00e4dern - Riveiro","robots":{"index":"index","follow":"follow","max-snippet":"max-snippet:-1","max-image-preview":"max-image-preview:large","max-video-preview":"max-video-preview:-1"},"canonical":"https:\/\/www.riveiro.ch\/de\/produkt\/rb73\/bijuga-mit-raedern\/","og_locale":"de_DE","og_type":"article","og_title":"Bijuga mit R\u00e4dern - Riveiro","og_description":"TTC  Das Bijuga-Modell ist ein solider Corten-Stahl Gartenkamin. Das markante zeitlose Design verbindet enge Linien und Oberfl\u00e4chen mit industriellen Akzenten. Dadurch wird das Blattmaterial an den Verbindungsn\u00e4hten ausgeklappt und alle Schrauben und Muttern sind sichtbar. Die Hartholz-Merbau-Teile (Kn\u00f6pfe und Griff) bieten nicht nur sch\u00f6ne Details, sondern sind auch sehr praktisch f\u00fcr den Betrieb, weil sie nicht zu hei\u00df werden. Das Emblem auf der Haube ist ein Symbol f\u00fcr die Zusammenarbeit mit Atelier Ren\u00e9 Knip, der designer dieser Gartenkamin.  Design Studio Rene Knip Das Design stammt von Atelier Rene Knip. Rene hat einen unverwechselbaren Blick auf Kamine. Der Benutzer und die Funktion der Kamin sind zentral. Seine Entw\u00fcrfe zeichnen sich durch einen ausgepr\u00e4gten Charakter aus und zeichnen sich durch ausgewogene Proportionen in der Gr\u00f6\u00dfe, einen sch\u00f6nen Look und die Verwendung von hochwertigen Materialien und sch\u00f6nen Details aus.","og_url":"https:\/\/www.riveiro.ch\/de\/produkt\/rb73\/bijuga-mit-raedern\/","og_site_name":"Riveiro","article_publisher":"https:\/\/www.facebook.com\/riveiroavenches","article_modified_time":"2023-06-06T08:41:28+00:00","og_image":[{"width":904,"height":1356,"url":"https:\/\/www.riveiro.ch\/wp-content\/uploads\/2021\/05\/bijuga-ambiance.jpg","type":"image\/jpeg"}],"twitter_card":"summary_large_image","schema":{"@context":"https:\/\/schema.org","@graph":[{"@type":"WebPage","@id":"https:\/\/www.riveiro.ch\/de\/produkt\/rb73\/bijuga-mit-raedern\/","url":"https:\/\/www.riveiro.ch\/de\/produkt\/rb73\/bijuga-mit-raedern\/","name":"Bijuga mit R\u00e4dern - Riveiro","isPartOf":{"@id":"https:\/\/www.riveiro.ch\/#website"},"primaryImageOfPage":{"@id":"https:\/\/www.riveiro.ch\/de\/produkt\/rb73\/bijuga-mit-raedern\/#primaryimage"},"image":{"@id":"https:\/\/www.riveiro.ch\/de\/produkt\/rb73\/bijuga-mit-raedern\/#primaryimage"},"thumbnailUrl":"https:\/\/www.riveiro.ch\/wp-content\/uploads\/2021\/05\/bijuga-ambiance.jpg","datePublished":"2021-05-28T12:58:57+00:00","dateModified":"2023-06-06T08:41:28+00:00","breadcrumb":{"@id":"https:\/\/www.riveiro.ch\/de\/produkt\/rb73\/bijuga-mit-raedern\/#breadcrumb"},"inLanguage":"de","potentialAction":[{"@type":"ReadAction","target":["https:\/\/www.riveiro.ch\/de\/produkt\/rb73\/bijuga-mit-raedern\/"]}]},{"@type":"ImageObject","inLanguage":"de","@id":"https:\/\/www.riveiro.ch\/de\/produkt\/rb73\/bijuga-mit-raedern\/#primaryimage","url":"https:\/\/www.riveiro.ch\/wp-content\/uploads\/2021\/05\/bijuga-ambiance.jpg","contentUrl":"https:\/\/www.riveiro.ch\/wp-content\/uploads\/2021\/05\/bijuga-ambiance.jpg","width":904,"height":1356},{"@type":"BreadcrumbList","@id":"https:\/\/www.riveiro.ch\/de\/produkt\/rb73\/bijuga-mit-raedern\/#breadcrumb","itemListElement":[{"@type":"ListItem","position":1,"name":"Home","item":"https:\/\/www.riveiro.ch\/"},{"@type":"ListItem","position":2,"name":"Shop","item":"https:\/\/www.riveiro.ch\/de\/shop-2\/"},{"@type":"ListItem","position":3,"name":"Bijuga mit R\u00e4dern"}]},{"@type":"WebSite","@id":"https:\/\/www.riveiro.ch\/#website","url":"https:\/\/www.riveiro.ch\/","name":"Riveiro","description":"Riveiro SA - Po\u00eales et chemin\u00e9es de salon - Exposition permanente - Su :: Riveiro","publisher":{"@id":"https:\/\/www.riveiro.ch\/#organization"},"potentialAction":[{"@type":"SearchAction","target":{"@type":"EntryPoint","urlTemplate":"https:\/\/www.riveiro.ch\/?s={search_term_string}"},"query-input":{"@type":"PropertyValueSpecification","valueRequired":true,"valueName":"search_term_string"}}],"inLanguage":"de"},{"@type":"Organization","@id":"https:\/\/www.riveiro.ch\/#organization","name":"Riveiro","url":"https:\/\/www.riveiro.ch\/","logo":{"@type":"ImageObject","inLanguage":"de","@id":"https:\/\/www.riveiro.ch\/#\/schema\/logo\/image\/","url":"https:\/\/www.riveiro.ch\/wp-content\/uploads\/2021\/05\/cropped-logo_riveiro_fr.png","contentUrl":"https:\/\/www.riveiro.ch\/wp-content\/uploads\/2021\/05\/cropped-logo_riveiro_fr.png","width":349,"height":146,"caption":"Riveiro"},"image":{"@id":"https:\/\/www.riveiro.ch\/#\/schema\/logo\/image\/"},"sameAs":["https:\/\/www.facebook.com\/riveiroavenches","https:\/\/www.instagram.com\/riveiro.cheminee\/"]}]}},"_links":{"self":[{"href":"https:\/\/www.riveiro.ch\/de\/wp-json\/wp\/v2\/product\/47659","targetHints":{"allow":["GET"]}}],"collection":[{"href":"https:\/\/www.riveiro.ch\/de\/wp-json\/wp\/v2\/product"}],"about":[{"href":"https:\/\/www.riveiro.ch\/de\/wp-json\/wp\/v2\/types\/product"}],"wp:featuredmedia":[{"embeddable":true,"href":"https:\/\/www.riveiro.ch\/de\/wp-json\/wp\/v2\/media\/55819"}],"wp:attachment":[{"href":"https:\/\/www.riveiro.ch\/de\/wp-json\/wp\/v2\/media?parent=47659"}],"wp:term":[{"taxonomy":"product_brand","embeddable":true,"href":"https:\/\/www.riveiro.ch\/de\/wp-json\/wp\/v2\/product_brand?post=47659"},{"taxonomy":"product_cat","embeddable":true,"href":"https:\/\/www.riveiro.ch\/de\/wp-json\/wp\/v2\/product_cat?post=47659"},{"taxonomy":"product_tag","embeddable":true,"href":"https:\/\/www.riveiro.ch\/de\/wp-json\/wp\/v2\/product_tag?post=47659"}],"curies":[{"name":"wp","href":"https:\/\/api.w.org\/{rel}","templated":true}]}}