{"id":47657,"date":"2021-05-28T15:14:44","date_gmt":"2021-05-28T13:14:44","guid":{"rendered":"https:\/\/riveiro.ch.ddev.site\/produit\/uncategorized\/47657\/"},"modified":"2025-03-03T15:37:38","modified_gmt":"2025-03-03T14:37:38","slug":"rangement-boix-blox-bloxx","status":"publish","type":"product","link":"https:\/\/www.riveiro.ch\/de\/produkt\/rb73\/rangement-boix-blox-bloxx\/","title":{"rendered":"Holzlager BloX \/ BloXX"},"content":{"rendered":"","protected":false},"excerpt":{"rendered":"<p>Der Woodstorage \/ hocker BloX ist ein praktischer Holzlager von RB73. Hergestellt aus 2 mm CorTen-Stahl. Es ist ein sch\u00f6nes Accessoire f\u00fcr den Gartenkamin und bildet eine sch\u00f6ne und attraktive Einheit. Es ist eine Kombination von ein Holzlager und Sitzm\u00f6bel. Dank der Aufteilung k\u00f6nnen Sie das Anfeuer- und Brennholz sch\u00f6n voneinander trennen. Optional kann ein Hartholzsitz erworben werden, der eine Bank bildet, auf der Sie die Flammen und die W\u00e4rme des Kamins genie\u00dfen k\u00f6nnen. Wird als ungeroster als Bausatz geliefert.<\/p>\n<p>Nach wenigen Tagen kommt der Rost und somit die einzigartige Optik von alleine.<\/p>\n","protected":false},"featured_media":55898,"template":"","meta":{"site-sidebar-layout":"default","site-content-layout":"default","ast-site-content-layout":"default","site-content-style":"default","site-sidebar-style":"default","ast-global-header-display":"","ast-banner-title-visibility":"","ast-main-header-display":"","ast-hfb-above-header-display":"","ast-hfb-below-header-display":"","ast-hfb-mobile-header-display":"","site-post-title":"","ast-breadcrumbs-content":"","ast-featured-img":"","footer-sml-layout":"","theme-transparent-header-meta":"default","adv-header-id-meta":"","stick-header-meta":"","header-above-stick-meta":"","header-main-stick-meta":"","header-below-stick-meta":"","astra-migrate-meta-layouts":"default","ast-page-background-enabled":"default","ast-page-background-meta":{"desktop":{"background-color":"","background-image":"","background-repeat":"repeat","background-position":"center center","background-size":"auto","background-attachment":"scroll","background-type":"","background-media":"","overlay-type":"","overlay-color":"","overlay-opacity":"","overlay-gradient":""},"tablet":{"background-color":"","background-image":"","background-repeat":"repeat","background-position":"center center","background-size":"auto","background-attachment":"scroll","background-type":"","background-media":"","overlay-type":"","overlay-color":"","overlay-opacity":"","overlay-gradient":""},"mobile":{"background-color":"","background-image":"","background-repeat":"repeat","background-position":"center center","background-size":"auto","background-attachment":"scroll","background-type":"","background-media":"","overlay-type":"","overlay-color":"","overlay-opacity":"","overlay-gradient":""}},"ast-content-background-meta":{"desktop":{"background-color":"var(--ast-global-color-5)","background-image":"","background-repeat":"repeat","background-position":"center center","background-size":"auto","background-attachment":"scroll","background-type":"","background-media":"","overlay-type":"","overlay-color":"","overlay-opacity":"","overlay-gradient":""},"tablet":{"background-color":"var(--ast-global-color-5)","background-image":"","background-repeat":"repeat","background-position":"center center","background-size":"auto","background-attachment":"scroll","background-type":"","background-media":"","overlay-type":"","overlay-color":"","overlay-opacity":"","overlay-gradient":""},"mobile":{"background-color":"var(--ast-global-color-5)","background-image":"","background-repeat":"repeat","background-position":"center center","background-size":"auto","background-attachment":"scroll","background-type":"","background-media":"","overlay-type":"","overlay-color":"","overlay-opacity":"","overlay-gradient":""}}},"product_brand":[5177],"product_cat":[5048,7241],"product_tag":[],"class_list":{"0":"post-47657","1":"product","2":"type-product","3":"status-publish","4":"has-post-thumbnail","6":"product_brand-rb73","7":"product_cat-aussenbereich","8":"product_cat-terrassenofen","9":"pa_hauteur-47-cm-de","10":"pa_hauteur-48-cm-de","11":"pa_largeur-48-cm-de","12":"pa_largeur-92-cm-de","13":"pa_profondeur-39-cm","14":"desktop-align-left","15":"tablet-align-left","16":"mobile-align-left","18":"first","19":"instock","20":"purchasable","21":"product-type-variable"},"yoast_head":"<!-- This site is optimized with the Yoast SEO plugin v26.4 - https:\/\/yoast.com\/wordpress\/plugins\/seo\/ -->\n<title>Holzlager BloX \/ BloXX - Riveiro<\/title>\n<meta name=\"robots\" content=\"index, follow, max-snippet:-1, max-image-preview:large, max-video-preview:-1\" \/>\n<link rel=\"canonical\" href=\"https:\/\/www.riveiro.ch\/de\/produkt\/rb73\/rangement-boix-blox-bloxx\/\" \/>\n<meta property=\"og:locale\" content=\"de_DE\" \/>\n<meta property=\"og:type\" content=\"article\" \/>\n<meta property=\"og:title\" content=\"Holzlager BloX \/ BloXX - Riveiro\" \/>\n<meta property=\"og:description\" content=\"Der Woodstorage \/ hocker BloX ist ein praktischer Holzlager von RB73. Hergestellt aus 2 mm CorTen-Stahl. Es ist ein sch\u00f6nes Accessoire f\u00fcr den Gartenkamin und bildet eine sch\u00f6ne und attraktive Einheit. Es ist eine Kombination von ein Holzlager und Sitzm\u00f6bel. Dank der Aufteilung k\u00f6nnen Sie das Anfeuer- und Brennholz sch\u00f6n voneinander trennen. Optional kann ein Hartholzsitz erworben werden, der eine Bank bildet, auf der Sie die Flammen und die W\u00e4rme des Kamins genie\u00dfen k\u00f6nnen. Wird als ungeroster als Bausatz geliefert.  Nach wenigen Tagen kommt der Rost und somit die einzigartige Optik von alleine.\" \/>\n<meta property=\"og:url\" content=\"https:\/\/www.riveiro.ch\/de\/produkt\/rb73\/rangement-boix-blox-bloxx\/\" \/>\n<meta property=\"og:site_name\" content=\"Riveiro\" \/>\n<meta property=\"article:publisher\" content=\"https:\/\/www.facebook.com\/riveiroavenches\" \/>\n<meta property=\"article:modified_time\" content=\"2025-03-03T14:37:38+00:00\" \/>\n<meta property=\"og:image\" content=\"https:\/\/www.riveiro.ch\/wp-content\/uploads\/2023\/06\/bloxx-ambiance.jpg\" \/>\n\t<meta property=\"og:image:width\" content=\"1605\" \/>\n\t<meta property=\"og:image:height\" content=\"1070\" \/>\n\t<meta property=\"og:image:type\" content=\"image\/jpeg\" \/>\n<meta name=\"twitter:card\" content=\"summary_large_image\" \/>\n<script type=\"application\/ld+json\" class=\"yoast-schema-graph\">{\"@context\":\"https:\/\/schema.org\",\"@graph\":[{\"@type\":\"WebPage\",\"@id\":\"https:\/\/www.riveiro.ch\/de\/produkt\/rb73\/rangement-boix-blox-bloxx\/\",\"url\":\"https:\/\/www.riveiro.ch\/de\/produkt\/rb73\/rangement-boix-blox-bloxx\/\",\"name\":\"Holzlager BloX \/ BloXX - Riveiro\",\"isPartOf\":{\"@id\":\"https:\/\/www.riveiro.ch\/#website\"},\"primaryImageOfPage\":{\"@id\":\"https:\/\/www.riveiro.ch\/de\/produkt\/rb73\/rangement-boix-blox-bloxx\/#primaryimage\"},\"image\":{\"@id\":\"https:\/\/www.riveiro.ch\/de\/produkt\/rb73\/rangement-boix-blox-bloxx\/#primaryimage\"},\"thumbnailUrl\":\"https:\/\/www.riveiro.ch\/wp-content\/uploads\/2023\/06\/bloxx-ambiance.jpg\",\"datePublished\":\"2021-05-28T13:14:44+00:00\",\"dateModified\":\"2025-03-03T14:37:38+00:00\",\"breadcrumb\":{\"@id\":\"https:\/\/www.riveiro.ch\/de\/produkt\/rb73\/rangement-boix-blox-bloxx\/#breadcrumb\"},\"inLanguage\":\"de\",\"potentialAction\":[{\"@type\":\"ReadAction\",\"target\":[\"https:\/\/www.riveiro.ch\/de\/produkt\/rb73\/rangement-boix-blox-bloxx\/\"]}]},{\"@type\":\"ImageObject\",\"inLanguage\":\"de\",\"@id\":\"https:\/\/www.riveiro.ch\/de\/produkt\/rb73\/rangement-boix-blox-bloxx\/#primaryimage\",\"url\":\"https:\/\/www.riveiro.ch\/wp-content\/uploads\/2023\/06\/bloxx-ambiance.jpg\",\"contentUrl\":\"https:\/\/www.riveiro.ch\/wp-content\/uploads\/2023\/06\/bloxx-ambiance.jpg\",\"width\":1605,\"height\":1070},{\"@type\":\"BreadcrumbList\",\"@id\":\"https:\/\/www.riveiro.ch\/de\/produkt\/rb73\/rangement-boix-blox-bloxx\/#breadcrumb\",\"itemListElement\":[{\"@type\":\"ListItem\",\"position\":1,\"name\":\"Home\",\"item\":\"https:\/\/www.riveiro.ch\/\"},{\"@type\":\"ListItem\",\"position\":2,\"name\":\"Shop\",\"item\":\"https:\/\/www.riveiro.ch\/de\/shop-2\/\"},{\"@type\":\"ListItem\",\"position\":3,\"name\":\"Holzlager BloX \/ BloXX\"}]},{\"@type\":\"WebSite\",\"@id\":\"https:\/\/www.riveiro.ch\/#website\",\"url\":\"https:\/\/www.riveiro.ch\/\",\"name\":\"Riveiro\",\"description\":\"Riveiro SA - Po\u00eales et chemin\u00e9es de salon - Exposition permanente - Su :: Riveiro\",\"publisher\":{\"@id\":\"https:\/\/www.riveiro.ch\/#organization\"},\"potentialAction\":[{\"@type\":\"SearchAction\",\"target\":{\"@type\":\"EntryPoint\",\"urlTemplate\":\"https:\/\/www.riveiro.ch\/?s={search_term_string}\"},\"query-input\":{\"@type\":\"PropertyValueSpecification\",\"valueRequired\":true,\"valueName\":\"search_term_string\"}}],\"inLanguage\":\"de\"},{\"@type\":\"Organization\",\"@id\":\"https:\/\/www.riveiro.ch\/#organization\",\"name\":\"Riveiro\",\"url\":\"https:\/\/www.riveiro.ch\/\",\"logo\":{\"@type\":\"ImageObject\",\"inLanguage\":\"de\",\"@id\":\"https:\/\/www.riveiro.ch\/#\/schema\/logo\/image\/\",\"url\":\"https:\/\/www.riveiro.ch\/wp-content\/uploads\/2021\/05\/cropped-logo_riveiro_fr.png\",\"contentUrl\":\"https:\/\/www.riveiro.ch\/wp-content\/uploads\/2021\/05\/cropped-logo_riveiro_fr.png\",\"width\":349,\"height\":146,\"caption\":\"Riveiro\"},\"image\":{\"@id\":\"https:\/\/www.riveiro.ch\/#\/schema\/logo\/image\/\"},\"sameAs\":[\"https:\/\/www.facebook.com\/riveiroavenches\",\"https:\/\/www.instagram.com\/riveiro.cheminee\/\"]}]}<\/script>\n<!-- \/ Yoast SEO plugin. -->","yoast_head_json":{"title":"Holzlager BloX \/ BloXX - Riveiro","robots":{"index":"index","follow":"follow","max-snippet":"max-snippet:-1","max-image-preview":"max-image-preview:large","max-video-preview":"max-video-preview:-1"},"canonical":"https:\/\/www.riveiro.ch\/de\/produkt\/rb73\/rangement-boix-blox-bloxx\/","og_locale":"de_DE","og_type":"article","og_title":"Holzlager BloX \/ BloXX - Riveiro","og_description":"Der Woodstorage \/ hocker BloX ist ein praktischer Holzlager von RB73. Hergestellt aus 2 mm CorTen-Stahl. Es ist ein sch\u00f6nes Accessoire f\u00fcr den Gartenkamin und bildet eine sch\u00f6ne und attraktive Einheit. Es ist eine Kombination von ein Holzlager und Sitzm\u00f6bel. Dank der Aufteilung k\u00f6nnen Sie das Anfeuer- und Brennholz sch\u00f6n voneinander trennen. Optional kann ein Hartholzsitz erworben werden, der eine Bank bildet, auf der Sie die Flammen und die W\u00e4rme des Kamins genie\u00dfen k\u00f6nnen. Wird als ungeroster als Bausatz geliefert.  Nach wenigen Tagen kommt der Rost und somit die einzigartige Optik von alleine.","og_url":"https:\/\/www.riveiro.ch\/de\/produkt\/rb73\/rangement-boix-blox-bloxx\/","og_site_name":"Riveiro","article_publisher":"https:\/\/www.facebook.com\/riveiroavenches","article_modified_time":"2025-03-03T14:37:38+00:00","og_image":[{"width":1605,"height":1070,"url":"https:\/\/www.riveiro.ch\/wp-content\/uploads\/2023\/06\/bloxx-ambiance.jpg","type":"image\/jpeg"}],"twitter_card":"summary_large_image","schema":{"@context":"https:\/\/schema.org","@graph":[{"@type":"WebPage","@id":"https:\/\/www.riveiro.ch\/de\/produkt\/rb73\/rangement-boix-blox-bloxx\/","url":"https:\/\/www.riveiro.ch\/de\/produkt\/rb73\/rangement-boix-blox-bloxx\/","name":"Holzlager BloX \/ BloXX - Riveiro","isPartOf":{"@id":"https:\/\/www.riveiro.ch\/#website"},"primaryImageOfPage":{"@id":"https:\/\/www.riveiro.ch\/de\/produkt\/rb73\/rangement-boix-blox-bloxx\/#primaryimage"},"image":{"@id":"https:\/\/www.riveiro.ch\/de\/produkt\/rb73\/rangement-boix-blox-bloxx\/#primaryimage"},"thumbnailUrl":"https:\/\/www.riveiro.ch\/wp-content\/uploads\/2023\/06\/bloxx-ambiance.jpg","datePublished":"2021-05-28T13:14:44+00:00","dateModified":"2025-03-03T14:37:38+00:00","breadcrumb":{"@id":"https:\/\/www.riveiro.ch\/de\/produkt\/rb73\/rangement-boix-blox-bloxx\/#breadcrumb"},"inLanguage":"de","potentialAction":[{"@type":"ReadAction","target":["https:\/\/www.riveiro.ch\/de\/produkt\/rb73\/rangement-boix-blox-bloxx\/"]}]},{"@type":"ImageObject","inLanguage":"de","@id":"https:\/\/www.riveiro.ch\/de\/produkt\/rb73\/rangement-boix-blox-bloxx\/#primaryimage","url":"https:\/\/www.riveiro.ch\/wp-content\/uploads\/2023\/06\/bloxx-ambiance.jpg","contentUrl":"https:\/\/www.riveiro.ch\/wp-content\/uploads\/2023\/06\/bloxx-ambiance.jpg","width":1605,"height":1070},{"@type":"BreadcrumbList","@id":"https:\/\/www.riveiro.ch\/de\/produkt\/rb73\/rangement-boix-blox-bloxx\/#breadcrumb","itemListElement":[{"@type":"ListItem","position":1,"name":"Home","item":"https:\/\/www.riveiro.ch\/"},{"@type":"ListItem","position":2,"name":"Shop","item":"https:\/\/www.riveiro.ch\/de\/shop-2\/"},{"@type":"ListItem","position":3,"name":"Holzlager BloX \/ BloXX"}]},{"@type":"WebSite","@id":"https:\/\/www.riveiro.ch\/#website","url":"https:\/\/www.riveiro.ch\/","name":"Riveiro","description":"Riveiro SA - Po\u00eales et chemin\u00e9es de salon - Exposition permanente - Su :: Riveiro","publisher":{"@id":"https:\/\/www.riveiro.ch\/#organization"},"potentialAction":[{"@type":"SearchAction","target":{"@type":"EntryPoint","urlTemplate":"https:\/\/www.riveiro.ch\/?s={search_term_string}"},"query-input":{"@type":"PropertyValueSpecification","valueRequired":true,"valueName":"search_term_string"}}],"inLanguage":"de"},{"@type":"Organization","@id":"https:\/\/www.riveiro.ch\/#organization","name":"Riveiro","url":"https:\/\/www.riveiro.ch\/","logo":{"@type":"ImageObject","inLanguage":"de","@id":"https:\/\/www.riveiro.ch\/#\/schema\/logo\/image\/","url":"https:\/\/www.riveiro.ch\/wp-content\/uploads\/2021\/05\/cropped-logo_riveiro_fr.png","contentUrl":"https:\/\/www.riveiro.ch\/wp-content\/uploads\/2021\/05\/cropped-logo_riveiro_fr.png","width":349,"height":146,"caption":"Riveiro"},"image":{"@id":"https:\/\/www.riveiro.ch\/#\/schema\/logo\/image\/"},"sameAs":["https:\/\/www.facebook.com\/riveiroavenches","https:\/\/www.instagram.com\/riveiro.cheminee\/"]}]}},"_links":{"self":[{"href":"https:\/\/www.riveiro.ch\/de\/wp-json\/wp\/v2\/product\/47657","targetHints":{"allow":["GET"]}}],"collection":[{"href":"https:\/\/www.riveiro.ch\/de\/wp-json\/wp\/v2\/product"}],"about":[{"href":"https:\/\/www.riveiro.ch\/de\/wp-json\/wp\/v2\/types\/product"}],"wp:featuredmedia":[{"embeddable":true,"href":"https:\/\/www.riveiro.ch\/de\/wp-json\/wp\/v2\/media\/55898"}],"wp:attachment":[{"href":"https:\/\/www.riveiro.ch\/de\/wp-json\/wp\/v2\/media?parent=47657"}],"wp:term":[{"taxonomy":"product_brand","embeddable":true,"href":"https:\/\/www.riveiro.ch\/de\/wp-json\/wp\/v2\/product_brand?post=47657"},{"taxonomy":"product_cat","embeddable":true,"href":"https:\/\/www.riveiro.ch\/de\/wp-json\/wp\/v2\/product_cat?post=47657"},{"taxonomy":"product_tag","embeddable":true,"href":"https:\/\/www.riveiro.ch\/de\/wp-json\/wp\/v2\/product_tag?post=47657"}],"curies":[{"name":"wp","href":"https:\/\/api.w.org\/{rel}","templated":true}]}}