{"id":39465,"date":"2021-05-20T11:33:23","date_gmt":"2021-05-20T11:10:19","guid":{"rendered":"https:\/\/riveiro.ch.ddev.site\/product\/vulcano-100-rostoptic\/"},"modified":"2023-05-04T18:39:59","modified_gmt":"2023-05-04T16:39:59","slug":"vulcano-100","status":"publish","type":"product","link":"https:\/\/www.riveiro.ch\/de\/produkt\/bahler\/vulcano-100\/","title":{"rendered":"Vulcano 100"},"content":{"rendered":"","protected":false},"excerpt":{"rendered":"<p>Halbkugelf\u00f6rmige Feuerschale mit Grillring, mit integrierte Konstruktion f\u00fcr bessere Luftzufuhr und abtrennbarer Zone f\u00fcr Holzkohle<br \/>\nDer Grillring besteht immer aus zwei Teilen zu 2\/3 + 1\/3 und kann frei konfiguriert werden<\/p>\n","protected":false},"featured_media":54704,"template":"","meta":{"site-sidebar-layout":"default","site-content-layout":"default","ast-site-content-layout":"default","site-content-style":"default","site-sidebar-style":"default","ast-global-header-display":"","ast-banner-title-visibility":"","ast-main-header-display":"","ast-hfb-above-header-display":"","ast-hfb-below-header-display":"","ast-hfb-mobile-header-display":"","site-post-title":"","ast-breadcrumbs-content":"","ast-featured-img":"","footer-sml-layout":"","theme-transparent-header-meta":"default","adv-header-id-meta":"","stick-header-meta":"","header-above-stick-meta":"","header-main-stick-meta":"","header-below-stick-meta":"","astra-migrate-meta-layouts":"default","ast-page-background-enabled":"default","ast-page-background-meta":{"desktop":{"background-color":"","background-image":"","background-repeat":"repeat","background-position":"center center","background-size":"auto","background-attachment":"scroll","background-type":"","background-media":"","overlay-type":"","overlay-color":"","overlay-opacity":"","overlay-gradient":""},"tablet":{"background-color":"","background-image":"","background-repeat":"repeat","background-position":"center center","background-size":"auto","background-attachment":"scroll","background-type":"","background-media":"","overlay-type":"","overlay-color":"","overlay-opacity":"","overlay-gradient":""},"mobile":{"background-color":"","background-image":"","background-repeat":"repeat","background-position":"center center","background-size":"auto","background-attachment":"scroll","background-type":"","background-media":"","overlay-type":"","overlay-color":"","overlay-opacity":"","overlay-gradient":""}},"ast-content-background-meta":{"desktop":{"background-color":"var(--ast-global-color-5)","background-image":"","background-repeat":"repeat","background-position":"center center","background-size":"auto","background-attachment":"scroll","background-type":"","background-media":"","overlay-type":"","overlay-color":"","overlay-opacity":"","overlay-gradient":""},"tablet":{"background-color":"var(--ast-global-color-5)","background-image":"","background-repeat":"repeat","background-position":"center center","background-size":"auto","background-attachment":"scroll","background-type":"","background-media":"","overlay-type":"","overlay-color":"","overlay-opacity":"","overlay-gradient":""},"mobile":{"background-color":"var(--ast-global-color-5)","background-image":"","background-repeat":"repeat","background-position":"center center","background-size":"auto","background-attachment":"scroll","background-type":"","background-media":"","overlay-type":"","overlay-color":"","overlay-opacity":"","overlay-gradient":""}}},"product_brand":[288],"product_cat":[5048,5051,5057,6281],"product_tag":[],"class_list":{"0":"post-39465","1":"product","2":"type-product","3":"status-publish","4":"has-post-thumbnail","6":"product_brand-bahler","7":"product_cat-aussenbereich","8":"product_cat-grillring","9":"product_cat-spezialangebote","10":"product_cat-grillring-spezialangebote","11":"product_shipping_class-lieferung-50","12":"pa_hauteur-52-cm-de","13":"pa_hauteur-75-cm-de","14":"pa_largeur-o-100-cm-de","15":"pa_options-52-cm-de","16":"pa_options-75-cm-de","17":"desktop-align-left","18":"tablet-align-left","19":"mobile-align-left","21":"first","22":"instock","23":"sale","24":"purchasable","25":"product-type-variable"},"yoast_head":"<!-- This site is optimized with the Yoast SEO plugin v26.4 - https:\/\/yoast.com\/wordpress\/plugins\/seo\/ -->\n<title>Vulcano 100 - Riveiro<\/title>\n<meta name=\"robots\" content=\"index, follow, max-snippet:-1, max-image-preview:large, max-video-preview:-1\" \/>\n<link rel=\"canonical\" href=\"https:\/\/www.riveiro.ch\/de\/produkt\/bahler\/vulcano-100\/\" \/>\n<meta property=\"og:locale\" content=\"de_DE\" \/>\n<meta property=\"og:type\" content=\"article\" \/>\n<meta property=\"og:title\" content=\"Vulcano 100 - Riveiro\" \/>\n<meta property=\"og:description\" content=\"Halbkugelf\u00f6rmige Feuerschale mit Grillring, mit integrierte Konstruktion f\u00fcr bessere Luftzufuhr und abtrennbarer Zone f\u00fcr Holzkohle Der Grillring besteht immer aus zwei Teilen zu 2\/3 + 1\/3 und kann frei konfiguriert werden\" \/>\n<meta property=\"og:url\" content=\"https:\/\/www.riveiro.ch\/de\/produkt\/bahler\/vulcano-100\/\" \/>\n<meta property=\"og:site_name\" content=\"Riveiro\" \/>\n<meta property=\"article:publisher\" content=\"https:\/\/www.facebook.com\/riveiroavenches\" \/>\n<meta property=\"article:modified_time\" content=\"2023-05-04T16:39:59+00:00\" \/>\n<meta property=\"og:image\" content=\"https:\/\/www.riveiro.ch\/wp-content\/uploads\/2023\/05\/Vulcano-100_Schwarz_Hoch_stahl-voll-normal.jpg\" \/>\n\t<meta property=\"og:image:width\" content=\"800\" \/>\n\t<meta property=\"og:image:height\" content=\"800\" \/>\n\t<meta property=\"og:image:type\" content=\"image\/jpeg\" \/>\n<meta name=\"twitter:card\" content=\"summary_large_image\" \/>\n<script type=\"application\/ld+json\" class=\"yoast-schema-graph\">{\"@context\":\"https:\/\/schema.org\",\"@graph\":[{\"@type\":\"WebPage\",\"@id\":\"https:\/\/www.riveiro.ch\/de\/produkt\/bahler\/vulcano-100\/\",\"url\":\"https:\/\/www.riveiro.ch\/de\/produkt\/bahler\/vulcano-100\/\",\"name\":\"Vulcano 100 - Riveiro\",\"isPartOf\":{\"@id\":\"https:\/\/www.riveiro.ch\/#website\"},\"primaryImageOfPage\":{\"@id\":\"https:\/\/www.riveiro.ch\/de\/produkt\/bahler\/vulcano-100\/#primaryimage\"},\"image\":{\"@id\":\"https:\/\/www.riveiro.ch\/de\/produkt\/bahler\/vulcano-100\/#primaryimage\"},\"thumbnailUrl\":\"https:\/\/www.riveiro.ch\/wp-content\/uploads\/2023\/05\/Vulcano-100_Schwarz_Hoch_stahl-voll-normal.jpg\",\"datePublished\":\"2021-05-20T11:10:19+00:00\",\"dateModified\":\"2023-05-04T16:39:59+00:00\",\"breadcrumb\":{\"@id\":\"https:\/\/www.riveiro.ch\/de\/produkt\/bahler\/vulcano-100\/#breadcrumb\"},\"inLanguage\":\"de\",\"potentialAction\":[{\"@type\":\"ReadAction\",\"target\":[\"https:\/\/www.riveiro.ch\/de\/produkt\/bahler\/vulcano-100\/\"]}]},{\"@type\":\"ImageObject\",\"inLanguage\":\"de\",\"@id\":\"https:\/\/www.riveiro.ch\/de\/produkt\/bahler\/vulcano-100\/#primaryimage\",\"url\":\"https:\/\/www.riveiro.ch\/wp-content\/uploads\/2023\/05\/Vulcano-100_Schwarz_Hoch_stahl-voll-normal.jpg\",\"contentUrl\":\"https:\/\/www.riveiro.ch\/wp-content\/uploads\/2023\/05\/Vulcano-100_Schwarz_Hoch_stahl-voll-normal.jpg\",\"width\":800,\"height\":800},{\"@type\":\"BreadcrumbList\",\"@id\":\"https:\/\/www.riveiro.ch\/de\/produkt\/bahler\/vulcano-100\/#breadcrumb\",\"itemListElement\":[{\"@type\":\"ListItem\",\"position\":1,\"name\":\"Home\",\"item\":\"https:\/\/www.riveiro.ch\/\"},{\"@type\":\"ListItem\",\"position\":2,\"name\":\"Shop\",\"item\":\"https:\/\/www.riveiro.ch\/de\/shop-2\/\"},{\"@type\":\"ListItem\",\"position\":3,\"name\":\"Vulcano 100\"}]},{\"@type\":\"WebSite\",\"@id\":\"https:\/\/www.riveiro.ch\/#website\",\"url\":\"https:\/\/www.riveiro.ch\/\",\"name\":\"Riveiro\",\"description\":\"Riveiro SA - Po\u00eales et chemin\u00e9es de salon - Exposition permanente - Su :: Riveiro\",\"publisher\":{\"@id\":\"https:\/\/www.riveiro.ch\/#organization\"},\"potentialAction\":[{\"@type\":\"SearchAction\",\"target\":{\"@type\":\"EntryPoint\",\"urlTemplate\":\"https:\/\/www.riveiro.ch\/?s={search_term_string}\"},\"query-input\":{\"@type\":\"PropertyValueSpecification\",\"valueRequired\":true,\"valueName\":\"search_term_string\"}}],\"inLanguage\":\"de\"},{\"@type\":\"Organization\",\"@id\":\"https:\/\/www.riveiro.ch\/#organization\",\"name\":\"Riveiro\",\"url\":\"https:\/\/www.riveiro.ch\/\",\"logo\":{\"@type\":\"ImageObject\",\"inLanguage\":\"de\",\"@id\":\"https:\/\/www.riveiro.ch\/#\/schema\/logo\/image\/\",\"url\":\"https:\/\/www.riveiro.ch\/wp-content\/uploads\/2021\/05\/cropped-logo_riveiro_fr.png\",\"contentUrl\":\"https:\/\/www.riveiro.ch\/wp-content\/uploads\/2021\/05\/cropped-logo_riveiro_fr.png\",\"width\":349,\"height\":146,\"caption\":\"Riveiro\"},\"image\":{\"@id\":\"https:\/\/www.riveiro.ch\/#\/schema\/logo\/image\/\"},\"sameAs\":[\"https:\/\/www.facebook.com\/riveiroavenches\",\"https:\/\/www.instagram.com\/riveiro.cheminee\/\"]}]}<\/script>\n<!-- \/ Yoast SEO plugin. -->","yoast_head_json":{"title":"Vulcano 100 - Riveiro","robots":{"index":"index","follow":"follow","max-snippet":"max-snippet:-1","max-image-preview":"max-image-preview:large","max-video-preview":"max-video-preview:-1"},"canonical":"https:\/\/www.riveiro.ch\/de\/produkt\/bahler\/vulcano-100\/","og_locale":"de_DE","og_type":"article","og_title":"Vulcano 100 - Riveiro","og_description":"Halbkugelf\u00f6rmige Feuerschale mit Grillring, mit integrierte Konstruktion f\u00fcr bessere Luftzufuhr und abtrennbarer Zone f\u00fcr Holzkohle Der Grillring besteht immer aus zwei Teilen zu 2\/3 + 1\/3 und kann frei konfiguriert werden","og_url":"https:\/\/www.riveiro.ch\/de\/produkt\/bahler\/vulcano-100\/","og_site_name":"Riveiro","article_publisher":"https:\/\/www.facebook.com\/riveiroavenches","article_modified_time":"2023-05-04T16:39:59+00:00","og_image":[{"width":800,"height":800,"url":"https:\/\/www.riveiro.ch\/wp-content\/uploads\/2023\/05\/Vulcano-100_Schwarz_Hoch_stahl-voll-normal.jpg","type":"image\/jpeg"}],"twitter_card":"summary_large_image","schema":{"@context":"https:\/\/schema.org","@graph":[{"@type":"WebPage","@id":"https:\/\/www.riveiro.ch\/de\/produkt\/bahler\/vulcano-100\/","url":"https:\/\/www.riveiro.ch\/de\/produkt\/bahler\/vulcano-100\/","name":"Vulcano 100 - Riveiro","isPartOf":{"@id":"https:\/\/www.riveiro.ch\/#website"},"primaryImageOfPage":{"@id":"https:\/\/www.riveiro.ch\/de\/produkt\/bahler\/vulcano-100\/#primaryimage"},"image":{"@id":"https:\/\/www.riveiro.ch\/de\/produkt\/bahler\/vulcano-100\/#primaryimage"},"thumbnailUrl":"https:\/\/www.riveiro.ch\/wp-content\/uploads\/2023\/05\/Vulcano-100_Schwarz_Hoch_stahl-voll-normal.jpg","datePublished":"2021-05-20T11:10:19+00:00","dateModified":"2023-05-04T16:39:59+00:00","breadcrumb":{"@id":"https:\/\/www.riveiro.ch\/de\/produkt\/bahler\/vulcano-100\/#breadcrumb"},"inLanguage":"de","potentialAction":[{"@type":"ReadAction","target":["https:\/\/www.riveiro.ch\/de\/produkt\/bahler\/vulcano-100\/"]}]},{"@type":"ImageObject","inLanguage":"de","@id":"https:\/\/www.riveiro.ch\/de\/produkt\/bahler\/vulcano-100\/#primaryimage","url":"https:\/\/www.riveiro.ch\/wp-content\/uploads\/2023\/05\/Vulcano-100_Schwarz_Hoch_stahl-voll-normal.jpg","contentUrl":"https:\/\/www.riveiro.ch\/wp-content\/uploads\/2023\/05\/Vulcano-100_Schwarz_Hoch_stahl-voll-normal.jpg","width":800,"height":800},{"@type":"BreadcrumbList","@id":"https:\/\/www.riveiro.ch\/de\/produkt\/bahler\/vulcano-100\/#breadcrumb","itemListElement":[{"@type":"ListItem","position":1,"name":"Home","item":"https:\/\/www.riveiro.ch\/"},{"@type":"ListItem","position":2,"name":"Shop","item":"https:\/\/www.riveiro.ch\/de\/shop-2\/"},{"@type":"ListItem","position":3,"name":"Vulcano 100"}]},{"@type":"WebSite","@id":"https:\/\/www.riveiro.ch\/#website","url":"https:\/\/www.riveiro.ch\/","name":"Riveiro","description":"Riveiro SA - Po\u00eales et chemin\u00e9es de salon - Exposition permanente - Su :: Riveiro","publisher":{"@id":"https:\/\/www.riveiro.ch\/#organization"},"potentialAction":[{"@type":"SearchAction","target":{"@type":"EntryPoint","urlTemplate":"https:\/\/www.riveiro.ch\/?s={search_term_string}"},"query-input":{"@type":"PropertyValueSpecification","valueRequired":true,"valueName":"search_term_string"}}],"inLanguage":"de"},{"@type":"Organization","@id":"https:\/\/www.riveiro.ch\/#organization","name":"Riveiro","url":"https:\/\/www.riveiro.ch\/","logo":{"@type":"ImageObject","inLanguage":"de","@id":"https:\/\/www.riveiro.ch\/#\/schema\/logo\/image\/","url":"https:\/\/www.riveiro.ch\/wp-content\/uploads\/2021\/05\/cropped-logo_riveiro_fr.png","contentUrl":"https:\/\/www.riveiro.ch\/wp-content\/uploads\/2021\/05\/cropped-logo_riveiro_fr.png","width":349,"height":146,"caption":"Riveiro"},"image":{"@id":"https:\/\/www.riveiro.ch\/#\/schema\/logo\/image\/"},"sameAs":["https:\/\/www.facebook.com\/riveiroavenches","https:\/\/www.instagram.com\/riveiro.cheminee\/"]}]}},"_links":{"self":[{"href":"https:\/\/www.riveiro.ch\/de\/wp-json\/wp\/v2\/product\/39465","targetHints":{"allow":["GET"]}}],"collection":[{"href":"https:\/\/www.riveiro.ch\/de\/wp-json\/wp\/v2\/product"}],"about":[{"href":"https:\/\/www.riveiro.ch\/de\/wp-json\/wp\/v2\/types\/product"}],"wp:featuredmedia":[{"embeddable":true,"href":"https:\/\/www.riveiro.ch\/de\/wp-json\/wp\/v2\/media\/54704"}],"wp:attachment":[{"href":"https:\/\/www.riveiro.ch\/de\/wp-json\/wp\/v2\/media?parent=39465"}],"wp:term":[{"taxonomy":"product_brand","embeddable":true,"href":"https:\/\/www.riveiro.ch\/de\/wp-json\/wp\/v2\/product_brand?post=39465"},{"taxonomy":"product_cat","embeddable":true,"href":"https:\/\/www.riveiro.ch\/de\/wp-json\/wp\/v2\/product_cat?post=39465"},{"taxonomy":"product_tag","embeddable":true,"href":"https:\/\/www.riveiro.ch\/de\/wp-json\/wp\/v2\/product_tag?post=39465"}],"curies":[{"name":"wp","href":"https:\/\/api.w.org\/{rel}","templated":true}]}}